{"id":25,"date":"2018-02-05T13:46:41","date_gmt":"2018-02-05T13:46:41","guid":{"rendered":"http:\/\/www.2nd-tg.ch\/?page_id=25"},"modified":"2026-04-01T08:03:40","modified_gmt":"2026-04-01T08:03:40","slug":"kontakt","status":"publish","type":"page","link":"https:\/\/www.2nd-tg.ch\/","title":{"rendered":"\u00d6ffnungszeiten"},"content":{"rendered":"\n<p class=\"has-small-font-size\" style=\"margin-top:var(--wp--preset--spacing--50);margin-right:0;margin-bottom:var(--wp--preset--spacing--20);margin-left:0;line-height:1.2\"><strong>2nd Amriswil<\/strong><\/p>\n\n\n\n<p>Romanshornerstrasse 9, 8580 Amriswil<\/p>\n\n\n\n<p>\u00d6ffnungszeiten:<\/p>\n\n\n\n<p>Dienstag-Freitag: 9.00-11.30 Uhr l 14.00-18.30 Uhr<br>Samstag: 9.00-15.00 Uhr<br>Sonntag &amp; Montag: geschlossen<br><br>Osterwoche: <\/p>\n\n\n\n<p>Dienstag-Mittwoch: 9.00-11.30 Uhr \/ 14.00-18.30 Uhr<\/p>\n\n\n\n<p>Donnerstag 2. April: 9.00-11.30 Uhr \/ 14.00-16.00 Uhr<\/p>\n\n\n\n<p>Karfreitag 3.April &#8211; Ostermontag 6. April geschlossen<\/p>\n\n\n\n<p>danach normal ge\u00f6ffnet, keine Fr\u00fchlingsferien<\/p>\n\n\n\n<hr class=\"wp-block-separator has-text-color has-css-opacity has-background is-style-wide\" style=\"margin-top:var(--wp--preset--spacing--50);margin-bottom:var(--wp--preset--spacing--50);background-color:#bba14f;color:#bba14f\"\/>\n\n\n\n<p class=\"has-small-font-size\" style=\"margin-top:var(--wp--preset--spacing--30);margin-right:0;margin-bottom:var(--wp--preset--spacing--30);margin-left:0;padding-top:0;padding-right:0;padding-bottom:0;padding-left:0;font-style:normal;font-weight:300;line-height:1.2\"><strong>2nd Weinfelden&nbsp;<\/strong><\/p>\n\n\n\n<p class=\"has-small-font-size\" style=\"margin-top:0;margin-right:0;margin-bottom:0;margin-left:0;font-style:normal;font-weight:300\">Frauenfelderstrasse 42, 8570 Weinfelden<\/p>\n\n\n\n<p class=\"has-small-font-size\">\u00d6ffnungszeiten:<\/p>\n\n\n\n<div class=\"wp-block-columns is-not-stacked-on-mobile is-layout-flex wp-container-core-columns-is-layout-da486eb2 wp-block-columns-is-layout-flex\" style=\"margin-top:var(--wp--preset--spacing--30);margin-bottom:var(--wp--preset--spacing--30);padding-right:0;padding-left:0\">\n<div class=\"wp-block-column is-vertically-aligned-top is-layout-flow wp-block-column-is-layout-flow\" style=\"font-size:0.9rem;flex-basis:35%\">\n<p style=\"margin-right:0;margin-left:0;padding-right:0;padding-left:0\">Montag <br>Dienstag<br>Mittwoch&nbsp; &nbsp; &nbsp; &nbsp; &nbsp; <br>Donnerstag&nbsp; &nbsp; &nbsp; <br>Freitag&nbsp; &nbsp; &nbsp; &nbsp; &nbsp; &nbsp;   <br>                         <br>Samstag&nbsp; &nbsp; <br>Sonntag&nbsp; &nbsp; &nbsp;  <\/p>\n<\/div>\n\n\n\n<div class=\"wp-block-column is-vertically-aligned-top is-layout-flow wp-container-core-column-is-layout-ba6f69a4 wp-block-column-is-layout-flow\" style=\"border-style:none;border-width:0px;padding-top:0;padding-right:0;padding-bottom:0;padding-left:0;font-size:0.9rem;flex-basis:70%\">\n<p style=\"font-size:0.9rem\">geschlossen<br>geschlossen<br>geschlossen<br>9.00-11.00Uhr | 14.00-18.30Uhr<br>9.00-11.00Uhr | 14.00-17.00Uhr<br>Wyfelderfritig 17.00-21.00 Uhr<br>10.00-15.00Uhr<br>geschlossen<\/p>\n<\/div>\n<\/div>\n\n\n\n<p><\/p>\n\n\n\n<p>Osterwoche:<\/p>\n\n\n\n<p>Donnerstag 2. April: 9.00-11.00 Uhr \/ 14.00-16.00 Uhr<\/p>\n\n\n\n<p>Karfreitag 3.April &#8211; Ostermontag 6. April geschlossen<\/p>\n\n\n\n<p>danach normal ge\u00f6ffnet, keine Fr\u00fchlingsferien<\/p>\n\n\n\n<hr class=\"wp-block-separator has-text-color has-css-opacity has-background is-style-wide\" style=\"margin-top:var(--wp--preset--spacing--50);margin-bottom:var(--wp--preset--spacing--50);background-color:#bba14f;color:#bba14f\"\/>\n\n\n\n<p class=\"has-small-font-size\"><strong>Kleiderabgabe<\/strong> im 2nd Amriswil &#8211; w\u00e4hrend den \u00d6ffnungszeiten! Herzlichen Dank<\/p>\n\n\n\n<hr class=\"wp-block-separator has-text-color has-alpha-channel-opacity has-background is-style-wide\" style=\"margin-top:var(--wp--preset--spacing--50);margin-bottom:var(--wp--preset--spacing--50);background-color:#bba14f;color:#bba14f\"\/>\n\n\n\n<p class=\"has-small-font-size\" style=\"margin-top:0;margin-bottom:0;font-style:normal;font-weight:300\"><strong>2nd Amriswil und Weinfelden<\/strong><\/p>\n\n\n\n<p class=\"has-small-font-size\" style=\"font-style:normal;font-weight:300\"><span style=\"color: #bba14f;\"><a style=\"color: #bba14f;\" href=\"https:\/\/www.facebook.com\/2nd.vonfrauenfuerfrauen\/\" target=\"_blank\" rel=\"noopener noreferrer\">Facebook 2nd<\/a><\/span><\/p>\n\n\n\n<p class=\"has-small-font-size\" style=\"font-style:normal;font-weight:300\"><span style=\"color: #bba14f;\"><a style=\"color: #bba14f;\" href=\"https:\/\/www.instagram.com\/2nd_blossom\/\" target=\"_blank\" rel=\"noopener noreferrer\">Instagram 2nd<\/a><\/span><\/p>\n\n\n\n<p class=\"has-small-font-size\" style=\"font-style:normal;font-weight:300\">info@blossom-tg.ch<\/p>\n\n\n\n<p class=\"has-medium-font-size\" style=\"font-style:normal;font-weight:300\"><\/p>\n","protected":false},"excerpt":{"rendered":"<p>2nd Amriswil Romanshornerstrasse 9, 8580 Amriswil \u00d6ffnungszeiten: Dienstag-Freitag: 9.00-11.30 Uhr l 14.00-18.30 UhrSamstag: 9.00-15.00 UhrSonntag &amp; Montag: geschlossen Osterwoche: Dienstag-Mittwoch: 9.00-11.30 Uhr \/ 14.00-18.30 Uhr Donnerstag 2. April: 9.00-11.30 Uhr \/ 14.00-16.00 Uhr Karfreitag 3.April &#8211; Ostermontag 6. April geschlossen danach normal ge\u00f6ffnet, keine Fr\u00fchlingsferien 2nd Weinfelden&nbsp; Frauenfelderstrasse 42, 8570 Weinfelden \u00d6ffnungszeiten: Montag DienstagMittwoch&nbsp; &nbsp; [&hellip;]<\/p>\n","protected":false},"author":1,"featured_media":0,"parent":0,"menu_order":0,"comment_status":"closed","ping_status":"closed","template":"page-large-header","meta":{"footnotes":""},"class_list":["post-25","page","type-page","status-publish","hentry"],"jetpack_sharing_enabled":true,"_links":{"self":[{"href":"https:\/\/www.2nd-tg.ch\/index.php?rest_route=\/wp\/v2\/pages\/25","targetHints":{"allow":["GET"]}}],"collection":[{"href":"https:\/\/www.2nd-tg.ch\/index.php?rest_route=\/wp\/v2\/pages"}],"about":[{"href":"https:\/\/www.2nd-tg.ch\/index.php?rest_route=\/wp\/v2\/types\/page"}],"author":[{"embeddable":true,"href":"https:\/\/www.2nd-tg.ch\/index.php?rest_route=\/wp\/v2\/users\/1"}],"replies":[{"embeddable":true,"href":"https:\/\/www.2nd-tg.ch\/index.php?rest_route=%2Fwp%2Fv2%2Fcomments&post=25"}],"version-history":[{"count":119,"href":"https:\/\/www.2nd-tg.ch\/index.php?rest_route=\/wp\/v2\/pages\/25\/revisions"}],"predecessor-version":[{"id":268428,"href":"https:\/\/www.2nd-tg.ch\/index.php?rest_route=\/wp\/v2\/pages\/25\/revisions\/268428"}],"wp:attachment":[{"href":"https:\/\/www.2nd-tg.ch\/index.php?rest_route=%2Fwp%2Fv2%2Fmedia&parent=25"}],"curies":[{"name":"wp","href":"https:\/\/api.w.org\/{rel}","templated":true}]}}